{"id":4845,"date":"2025-10-16T17:32:04","date_gmt":"2025-10-16T15:32:04","guid":{"rendered":"https:\/\/s.frontbayip.com\/?page_id=4845"},"modified":"2025-10-18T11:14:03","modified_gmt":"2025-10-18T03:14:03","slug":"quality-assurance","status":"publish","type":"page","link":"https:\/\/s.frontbayip.com\/it\/quality-assurance\/","title":{"rendered":"Garanzia di Qualit\u00e0"},"content":{"rendered":"<div data-elementor-type=\"wp-page\" data-elementor-id=\"4845\" class=\"elementor elementor-4845\" data-elementor-post-type=\"page\">\n\t\t\t\t<div class=\"elementor-element elementor-element-482e069 e-flex e-con-boxed e-con e-parent\" data-id=\"482e069\" data-element_type=\"container\">\n\t\t\t\t\t<div class=\"e-con-inner\">\n\t\t\t\t<div class=\"elementor-element elementor-element-3485a6e elementor-widget elementor-widget-ignavo-page-banner\" data-id=\"3485a6e\" data-element_type=\"widget\" data-widget_type=\"ignavo-page-banner.default\">\n\t\t\t\t<div class=\"elementor-widget-container\">\n\t\t\t\t\t<div class=\"klb-page-banner site-page-header text-center text-white\" style=\"--page-header-muted: #fff; --page-header-title-size-lg: 56px\"><div class=\"container\"><div class=\"page-header-inner\"><h1 class=\"page-title\">Garanzia di Qualit\u00e0<\/h1><div class=\"entry-teaser\"><p>In qualit\u00e0 di produttore specializzato nella tecnologia termoelettrica, Sheerfond d\u00e0 priorit\u00e0 all'eccellenza del prodotto e implementa un rigoroso sistema di gestione della qualit\u00e0 in ogni fase, dalla selezione dei materiali e progettazione dei moduli fino ai test finali di prestazione.<\/p><\/div><\/div><\/div><div class=\"site-page-header-background\"><img data-opt-id=1571540937  fetchpriority=\"high\" loading=\"eager\" decoding=\"async\" src=\"https:\/\/mlksgtrt5x47.i.optimole.com\/w:auto\/h:auto\/q:100\/f:best\/https:\/\/s.frontbayip.com\/wp-content\/uploads\/2025\/10\/about-su-company-2.webp\" alt=\"\"><\/div><\/div>\t\t\t\t<\/div>\n\t\t\t\t<\/div>\n\t\t\t\t\t<\/div>\n\t\t\t\t<\/div>\n\t\t<div class=\"elementor-element elementor-element-6328c82 e-grid e-con-boxed e-con e-parent\" data-id=\"6328c82\" data-element_type=\"container\">\n\t\t\t\t\t<div class=\"e-con-inner\">\n\t\t<div class=\"elementor-element elementor-element-539358a e-con-full e-flex e-con e-child\" data-id=\"539358a\" data-element_type=\"container\">\n\t\t\t\t<div class=\"elementor-element elementor-element-fadb9ff elementor-widget elementor-widget-image\" data-id=\"fadb9ff\" data-element_type=\"widget\" data-widget_type=\"image.default\">\n\t\t\t\t\t\t\t\t\t\t\t\t\t\t\t<img data-opt-id=1144239886  loading=\"eager\" fetchpriority=\"high\" decoding=\"async\" width=\"800\" height=\"494\" src=\"https:\/\/mlksgtrt5x47.i.optimole.com\/w:auto\/h:auto\/q:100\/f:best\/https:\/\/s.frontbayip.com\/wp-content\/uploads\/2025\/10\/about.webp\" class=\"attachment-large size-large wp-image-4855\" alt=\"\" srcset=\"https:\/\/mlksgtrt5x47.i.optimole.com\/w:800\/h:494\/q:100\/f:best\/https:\/\/s.frontbayip.com\/wp-content\/uploads\/2025\/10\/about.webp 800w, https:\/\/mlksgtrt5x47.i.optimole.com\/w:300\/h:185\/q:100\/f:best\/https:\/\/s.frontbayip.com\/wp-content\/uploads\/2025\/10\/about.webp 300w, https:\/\/mlksgtrt5x47.i.optimole.com\/w:768\/h:474\/q:100\/f:best\/https:\/\/s.frontbayip.com\/wp-content\/uploads\/2025\/10\/about.webp 768w, https:\/\/mlksgtrt5x47.i.optimole.com\/w:600\/h:371\/q:100\/f:best\/https:\/\/s.frontbayip.com\/wp-content\/uploads\/2025\/10\/about.webp 600w, https:\/\/mlksgtrt5x47.i.optimole.com\/w:87\/h:54\/q:100\/f:best\/https:\/\/s.frontbayip.com\/wp-content\/uploads\/2025\/10\/about.webp 87w, https:\/\/mlksgtrt5x47.i.optimole.com\/w:800\/h:494\/q:100\/f:best\/dpr:2\/https:\/\/s.frontbayip.com\/wp-content\/uploads\/2025\/10\/about.webp 2x\" sizes=\"(max-width: 800px) 100vw, 800px\" \/>\t\t\t\t\t\t\t\t\t\t\t\t\t\t\t<\/div>\n\t\t\t\t<\/div>\n\t\t<div class=\"elementor-element elementor-element-20c08d2 e-con-full e-flex e-con e-child\" data-id=\"20c08d2\" data-element_type=\"container\">\n\t\t\t\t<div class=\"elementor-element elementor-element-94c30e4 elementor-widget elementor-widget-heading\" data-id=\"94c30e4\" data-element_type=\"widget\" data-widget_type=\"heading.default\">\n\t\t\t\t\t<h2 class=\"elementor-heading-title elementor-size-default\">Ispezione Materie Prime<\/h2>\t\t\t\t<\/div>\n\t\t\t\t<div class=\"elementor-element elementor-element-222fac0 elementor-widget elementor-widget-text-editor\" data-id=\"222fac0\" data-element_type=\"widget\" data-widget_type=\"text-editor.default\">\n\t\t\t\t\t\t\t\t\t<p>Ogni lotto di materie prime e componenti fondamentali viene sottoposto a un'ispezione rigorosa per garantire la piena conformit\u00e0 ai nostri standard qualitativi. Utilizziamo esclusivamente materiali certificati di alta qualit\u00e0 per assicurare le prestazioni e l'affidabilit\u00e0 dei nostri prodotti di gestione termica. Le nostre procedure di ispezione includono:<\/p><p>Test delle Prestazioni del Modulo Termoelettrico<\/p><p>Test di Adesione dei Materiali di Interfaccia Termica<\/p><p>Test di Isolamento Elettrico e Rigidit\u00e0 Dielettrica<\/p><p>Validazione dell'Invecchiamento e della Resistenza ai Cicli<\/p>\t\t\t\t\t\t\t\t<\/div>\n\t\t\t\t<\/div>\n\t\t<div class=\"elementor-element elementor-element-643f047 e-con-full e-flex e-con e-child\" data-id=\"643f047\" data-element_type=\"container\">\n\t\t\t\t<div class=\"elementor-element elementor-element-d03d8cf elementor-widget elementor-widget-heading\" data-id=\"d03d8cf\" data-element_type=\"widget\" data-widget_type=\"heading.default\">\n\t\t\t\t\t<h2 class=\"elementor-heading-title elementor-size-default\">Controllo Qualit\u00e0 in Processo di Produzione<\/h2>\t\t\t\t<\/div>\n\t\t\t\t<div class=\"elementor-element elementor-element-31b0828 elementor-widget elementor-widget-text-editor\" data-id=\"31b0828\" data-element_type=\"widget\" data-widget_type=\"text-editor.default\">\n\t\t\t\t\t\t\t\t\t<p>In qualit\u00e0 di produttore certificato ISO con oltre 20 anni di esperienza, Sheerfond mantiene costantemente standard produttivi rigorosi per fornire prodotti di gestione termica ad alte prestazioni. Il nostro sistema di ispezione multi-fase monitora rigorosamente ogni linea di produzione, garantendo qualit\u00e0 e affidabilit\u00e0 eccezionali in ogni fase. Il processo include:<\/p><p>Ispezione Materiali in Entrata<\/p><p>Controllo Qualit\u00e0 in Processo<\/p><p>Ispezione Finale Completa<\/p><p>Audit a Campione<\/p><p>Monitoraggio e Allerta Anomalie in Tempo Reale<\/p>\t\t\t\t\t\t\t\t<\/div>\n\t\t\t\t<\/div>\n\t\t<div class=\"elementor-element elementor-element-56738a3 e-con-full e-flex e-con e-child\" data-id=\"56738a3\" data-element_type=\"container\">\n\t\t\t\t<div class=\"elementor-element elementor-element-2d7c24e elementor-widget elementor-widget-image\" data-id=\"2d7c24e\" data-element_type=\"widget\" data-widget_type=\"image.default\">\n\t\t\t\t\t\t\t\t\t\t\t\t\t\t\t<img data-opt-id=579602521  fetchpriority=\"high\" loading=\"eager\" decoding=\"async\" width=\"800\" height=\"494\" src=\"https:\/\/mlksgtrt5x47.i.optimole.com\/w:auto\/h:auto\/q:100\/f:best\/https:\/\/s.frontbayip.com\/wp-content\/uploads\/2025\/10\/about1.webp\" class=\"attachment-large size-large wp-image-4856\" alt=\"\" srcset=\"https:\/\/mlksgtrt5x47.i.optimole.com\/w:800\/h:494\/q:100\/f:best\/https:\/\/s.frontbayip.com\/wp-content\/uploads\/2025\/10\/about1.webp 800w, https:\/\/mlksgtrt5x47.i.optimole.com\/w:300\/h:185\/q:100\/f:best\/https:\/\/s.frontbayip.com\/wp-content\/uploads\/2025\/10\/about1.webp 300w, https:\/\/mlksgtrt5x47.i.optimole.com\/w:768\/h:474\/q:100\/f:best\/https:\/\/s.frontbayip.com\/wp-content\/uploads\/2025\/10\/about1.webp 768w, https:\/\/mlksgtrt5x47.i.optimole.com\/w:600\/h:371\/q:100\/f:best\/https:\/\/s.frontbayip.com\/wp-content\/uploads\/2025\/10\/about1.webp 600w, https:\/\/mlksgtrt5x47.i.optimole.com\/w:87\/h:54\/q:100\/f:best\/https:\/\/s.frontbayip.com\/wp-content\/uploads\/2025\/10\/about1.webp 87w, https:\/\/mlksgtrt5x47.i.optimole.com\/w:800\/h:494\/q:100\/f:best\/dpr:2\/https:\/\/s.frontbayip.com\/wp-content\/uploads\/2025\/10\/about1.webp 2x\" sizes=\"(max-width: 800px) 100vw, 800px\" \/>\t\t\t\t\t\t\t\t\t\t\t\t\t\t\t<\/div>\n\t\t\t\t<\/div>\n\t\t<div class=\"elementor-element elementor-element-7cc80bb e-con-full e-flex e-con e-child\" data-id=\"7cc80bb\" data-element_type=\"container\">\n\t\t\t\t<div class=\"elementor-element elementor-element-0fd808e elementor-widget elementor-widget-image\" data-id=\"0fd808e\" data-element_type=\"widget\" data-widget_type=\"image.default\">\n\t\t\t\t\t\t\t\t\t\t\t\t\t\t\t<img data-opt-id=1866808096  loading=\"lazy\" decoding=\"async\" width=\"800\" height=\"476\" src=\"https:\/\/mlksgtrt5x47.i.optimole.com\/w:auto\/h:auto\/q:100\/f:best\/https:\/\/s.frontbayip.com\/wp-content\/uploads\/2025\/10\/about2.webp\" class=\"attachment-large size-large wp-image-4857\" alt=\"\" srcset=\"https:\/\/mlksgtrt5x47.i.optimole.com\/w:800\/h:476\/q:100\/f:best\/https:\/\/s.frontbayip.com\/wp-content\/uploads\/2025\/10\/about2.webp 800w, https:\/\/mlksgtrt5x47.i.optimole.com\/w:300\/h:179\/q:100\/f:best\/https:\/\/s.frontbayip.com\/wp-content\/uploads\/2025\/10\/about2.webp 300w, https:\/\/mlksgtrt5x47.i.optimole.com\/w:768\/h:457\/q:100\/f:best\/https:\/\/s.frontbayip.com\/wp-content\/uploads\/2025\/10\/about2.webp 768w, https:\/\/mlksgtrt5x47.i.optimole.com\/w:600\/h:357\/q:100\/f:best\/https:\/\/s.frontbayip.com\/wp-content\/uploads\/2025\/10\/about2.webp 600w, https:\/\/mlksgtrt5x47.i.optimole.com\/w:90\/h:54\/q:100\/f:best\/https:\/\/s.frontbayip.com\/wp-content\/uploads\/2025\/10\/about2.webp 90w, https:\/\/mlksgtrt5x47.i.optimole.com\/w:800\/h:476\/q:100\/f:best\/dpr:2\/https:\/\/s.frontbayip.com\/wp-content\/uploads\/2025\/10\/about2.webp 2x\" sizes=\"(max-width: 800px) 100vw, 800px\" \/>\t\t\t\t\t\t\t\t\t\t\t\t\t\t\t<\/div>\n\t\t\t\t<\/div>\n\t\t<div class=\"elementor-element elementor-element-8dc9ce3 e-con-full e-flex e-con e-child\" data-id=\"8dc9ce3\" data-element_type=\"container\">\n\t\t\t\t<div class=\"elementor-element elementor-element-965f45d elementor-widget elementor-widget-heading\" data-id=\"965f45d\" data-element_type=\"widget\" data-widget_type=\"heading.default\">\n\t\t\t\t\t<h2 class=\"elementor-heading-title elementor-size-default\">Ispezione Post-Produzione<\/h2>\t\t\t\t<\/div>\n\t\t\t\t<div class=\"elementor-element elementor-element-2cf1c32 elementor-widget elementor-widget-text-editor\" data-id=\"2cf1c32\" data-element_type=\"widget\" data-widget_type=\"text-editor.default\">\n\t\t\t\t\t\t\t\t\t<p>Per garantire affidabilit\u00e0 a lungo termine e coerenza delle prestazioni, tutti i prodotti finiti vengono sottoposti a un regime completo di ispezione post-produzione. Ci\u00f2 include test funzionali, validazione della durata e verifica di piena conformit\u00e0 prima della spedizione. Le fasi principali del nostro processo includono:<\/p><p>Test di Invecchiamento e Valutazione dei Cicli Termici<\/p><p>Verifica della Precisione di Controllo della Temperatura (\u00b10.3\u00b0C Standard Medico)<\/p><p>Test di Sicurezza Elettrica e Isolamento<\/p><p>Controllo Finale Aspetto e Qualit\u00e0 del Montaggio<\/p><p>Verifica Integrit\u00e0 Imballaggio e Etichettatura<\/p>\t\t\t\t\t\t\t\t<\/div>\n\t\t\t\t<\/div>\n\t\t\t\t\t<\/div>\n\t\t\t\t<\/div>\n\t\t<div class=\"elementor-element elementor-element-7c0998a e-con-full e-flex e-con e-parent\" data-id=\"7c0998a\" data-element_type=\"container\">\n\t\t<div class=\"elementor-element elementor-element-3344afb e-grid e-con-full e-con e-child\" data-id=\"3344afb\" data-element_type=\"container\">\n\t\t\t\t<div class=\"elementor-element elementor-element-e31abbd elementor-widget elementor-widget-image\" data-id=\"e31abbd\" data-element_type=\"widget\" data-widget_type=\"image.default\">\n\t\t\t\t\t\t\t\t\t\t\t\t\t\t\t<img data-opt-id=25695798  loading=\"lazy\" decoding=\"async\" width=\"300\" height=\"300\" src=\"https:\/\/mlksgtrt5x47.i.optimole.com\/w:300\/h:300\/q:100\/rt:fill\/g:sm\/f:best\/https:\/\/s.frontbayip.com\/wp-content\/uploads\/2025\/10\/iso-9001.webp\" class=\"attachment-medium size-medium wp-image-4665\" alt=\"\" srcset=\"https:\/\/mlksgtrt5x47.i.optimole.com\/w:300\/h:300\/q:100\/rt:fill\/g:sm\/f:best\/https:\/\/s.frontbayip.com\/wp-content\/uploads\/2025\/10\/iso-9001.webp 300w, https:\/\/mlksgtrt5x47.i.optimole.com\/w:150\/h:150\/q:100\/rt:fill\/g:sm\/f:best\/https:\/\/s.frontbayip.com\/wp-content\/uploads\/2025\/10\/iso-9001.webp 150w, https:\/\/mlksgtrt5x47.i.optimole.com\/w:54\/h:54\/q:100\/rt:fill\/g:sm\/f:best\/https:\/\/s.frontbayip.com\/wp-content\/uploads\/2025\/10\/iso-9001.webp 54w, https:\/\/mlksgtrt5x47.i.optimole.com\/w:400\/h:400\/q:100\/rt:fill\/g:sm\/f:best\/https:\/\/s.frontbayip.com\/wp-content\/uploads\/2025\/10\/iso-9001.webp 400w, https:\/\/mlksgtrt5x47.i.optimole.com\/w:400\/h:400\/q:100\/rt:fill\/g:sm\/f:best\/dpr:2\/https:\/\/s.frontbayip.com\/wp-content\/uploads\/2025\/10\/iso-9001.webp 2x\" sizes=\"(max-width: 300px) 100vw, 300px\" \/>\t\t\t\t\t\t\t\t\t\t\t\t\t\t\t<\/div>\n\t\t\t\t<div class=\"elementor-element elementor-element-8fcd2db elementor-widget elementor-widget-image\" data-id=\"8fcd2db\" data-element_type=\"widget\" data-widget_type=\"image.default\">\n\t\t\t\t\t\t\t\t\t\t\t\t\t\t\t<img data-opt-id=1726048359  loading=\"lazy\" decoding=\"async\" width=\"300\" height=\"296\" src=\"https:\/\/mlksgtrt5x47.i.optimole.com\/w:300\/h:296\/q:100\/f:best\/https:\/\/s.frontbayip.com\/wp-content\/uploads\/2025\/10\/rohs.webp\" class=\"attachment-medium size-medium wp-image-4664\" alt=\"\" srcset=\"https:\/\/mlksgtrt5x47.i.optimole.com\/w:300\/h:296\/q:100\/f:best\/https:\/\/s.frontbayip.com\/wp-content\/uploads\/2025\/10\/rohs.webp 300w, https:\/\/mlksgtrt5x47.i.optimole.com\/w:55\/h:54\/q:100\/f:best\/https:\/\/s.frontbayip.com\/wp-content\/uploads\/2025\/10\/rohs.webp 55w, https:\/\/mlksgtrt5x47.i.optimole.com\/w:406\/h:400\/q:100\/f:best\/https:\/\/s.frontbayip.com\/wp-content\/uploads\/2025\/10\/rohs.webp 406w, https:\/\/mlksgtrt5x47.i.optimole.com\/w:406\/h:400\/q:100\/f:best\/dpr:2\/https:\/\/s.frontbayip.com\/wp-content\/uploads\/2025\/10\/rohs.webp 2x\" sizes=\"(max-width: 300px) 100vw, 300px\" \/>\t\t\t\t\t\t\t\t\t\t\t\t\t\t\t<\/div>\n\t\t\t\t<div class=\"elementor-element elementor-element-1fcfa71 elementor-widget elementor-widget-image\" data-id=\"1fcfa71\" data-element_type=\"widget\" data-widget_type=\"image.default\">\n\t\t\t\t\t\t\t\t\t\t\t\t\t\t\t<img data-opt-id=2131276456  loading=\"lazy\" decoding=\"async\" width=\"300\" height=\"300\" src=\"https:\/\/mlksgtrt5x47.i.optimole.com\/w:300\/h:300\/q:100\/rt:fill\/g:sm\/f:best\/https:\/\/s.frontbayip.com\/wp-content\/uploads\/2025\/10\/eco.webp\" class=\"attachment-medium size-medium wp-image-4663\" alt=\"\" srcset=\"https:\/\/mlksgtrt5x47.i.optimole.com\/w:300\/h:300\/q:100\/rt:fill\/g:sm\/f:best\/https:\/\/s.frontbayip.com\/wp-content\/uploads\/2025\/10\/eco.webp 300w, https:\/\/mlksgtrt5x47.i.optimole.com\/w:150\/h:150\/q:100\/rt:fill\/g:sm\/f:best\/https:\/\/s.frontbayip.com\/wp-content\/uploads\/2025\/10\/eco.webp 150w, https:\/\/mlksgtrt5x47.i.optimole.com\/w:54\/h:54\/q:100\/rt:fill\/g:sm\/f:best\/https:\/\/s.frontbayip.com\/wp-content\/uploads\/2025\/10\/eco.webp 54w, https:\/\/mlksgtrt5x47.i.optimole.com\/w:400\/h:400\/q:100\/rt:fill\/g:sm\/f:best\/https:\/\/s.frontbayip.com\/wp-content\/uploads\/2025\/10\/eco.webp 400w, https:\/\/mlksgtrt5x47.i.optimole.com\/w:400\/h:400\/q:100\/rt:fill\/g:sm\/f:best\/dpr:2\/https:\/\/s.frontbayip.com\/wp-content\/uploads\/2025\/10\/eco.webp 2x\" sizes=\"(max-width: 300px) 100vw, 300px\" \/>\t\t\t\t\t\t\t\t\t\t\t\t\t\t\t<\/div>\n\t\t\t\t<div class=\"elementor-element elementor-element-efc67c9 elementor-widget elementor-widget-image\" data-id=\"efc67c9\" data-element_type=\"widget\" data-widget_type=\"image.default\">\n\t\t\t\t\t\t\t\t\t\t\t\t\t\t\t<img data-opt-id=1123572071  loading=\"lazy\" decoding=\"async\" width=\"300\" height=\"300\" src=\"https:\/\/mlksgtrt5x47.i.optimole.com\/w:300\/h:300\/q:100\/rt:fill\/g:sm\/f:best\/https:\/\/s.frontbayip.com\/wp-content\/uploads\/2025\/10\/polyeu.webp\" class=\"attachment-medium size-medium wp-image-4667\" alt=\"\" srcset=\"https:\/\/mlksgtrt5x47.i.optimole.com\/w:300\/h:300\/q:100\/rt:fill\/g:sm\/f:best\/https:\/\/s.frontbayip.com\/wp-content\/uploads\/2025\/10\/polyeu.webp 300w, https:\/\/mlksgtrt5x47.i.optimole.com\/w:150\/h:150\/q:100\/rt:fill\/g:sm\/f:best\/https:\/\/s.frontbayip.com\/wp-content\/uploads\/2025\/10\/polyeu.webp 150w, https:\/\/mlksgtrt5x47.i.optimole.com\/w:54\/h:54\/q:100\/rt:fill\/g:sm\/f:best\/https:\/\/s.frontbayip.com\/wp-content\/uploads\/2025\/10\/polyeu.webp 54w, https:\/\/mlksgtrt5x47.i.optimole.com\/w:400\/h:400\/q:100\/rt:fill\/g:sm\/f:best\/https:\/\/s.frontbayip.com\/wp-content\/uploads\/2025\/10\/polyeu.webp 400w, https:\/\/mlksgtrt5x47.i.optimole.com\/w:400\/h:400\/q:100\/rt:fill\/g:sm\/f:best\/dpr:2\/https:\/\/s.frontbayip.com\/wp-content\/uploads\/2025\/10\/polyeu.webp 2x\" sizes=\"(max-width: 300px) 100vw, 300px\" \/>\t\t\t\t\t\t\t\t\t\t\t\t\t\t\t<\/div>\n\t\t\t\t<div class=\"elementor-element elementor-element-44c6bf3 elementor-widget elementor-widget-image\" data-id=\"44c6bf3\" data-element_type=\"widget\" data-widget_type=\"image.default\">\n\t\t\t\t\t\t\t\t\t\t\t\t\t\t\t<img data-opt-id=1457529465  loading=\"lazy\" decoding=\"async\" width=\"300\" height=\"300\" src=\"https:\/\/mlksgtrt5x47.i.optimole.com\/w:300\/h:300\/q:100\/rt:fill\/g:sm\/f:best\/https:\/\/s.frontbayip.com\/wp-content\/uploads\/2025\/10\/polyus.webp\" class=\"attachment-medium size-medium wp-image-4666\" alt=\"\" srcset=\"https:\/\/mlksgtrt5x47.i.optimole.com\/w:300\/h:300\/q:100\/rt:fill\/g:sm\/f:best\/https:\/\/s.frontbayip.com\/wp-content\/uploads\/2025\/10\/polyus.webp 300w, https:\/\/mlksgtrt5x47.i.optimole.com\/w:150\/h:150\/q:100\/rt:fill\/g:sm\/f:best\/https:\/\/s.frontbayip.com\/wp-content\/uploads\/2025\/10\/polyus.webp 150w, https:\/\/mlksgtrt5x47.i.optimole.com\/w:54\/h:54\/q:100\/rt:fill\/g:sm\/f:best\/https:\/\/s.frontbayip.com\/wp-content\/uploads\/2025\/10\/polyus.webp 54w, https:\/\/mlksgtrt5x47.i.optimole.com\/w:400\/h:400\/q:100\/rt:fill\/g:sm\/f:best\/https:\/\/s.frontbayip.com\/wp-content\/uploads\/2025\/10\/polyus.webp 400w, https:\/\/mlksgtrt5x47.i.optimole.com\/w:400\/h:400\/q:100\/rt:fill\/g:sm\/f:best\/dpr:2\/https:\/\/s.frontbayip.com\/wp-content\/uploads\/2025\/10\/polyus.webp 2x\" sizes=\"(max-width: 300px) 100vw, 300px\" \/>\t\t\t\t\t\t\t\t\t\t\t\t\t\t\t<\/div>\n\t\t\t\t<div class=\"elementor-element elementor-element-a0d121b elementor-widget elementor-widget-image\" data-id=\"a0d121b\" data-element_type=\"widget\" data-widget_type=\"image.default\">\n\t\t\t\t\t\t\t\t\t\t\t\t\t\t\t<img data-opt-id=405076572  loading=\"lazy\" decoding=\"async\" width=\"300\" height=\"268\" src=\"https:\/\/mlksgtrt5x47.i.optimole.com\/w:300\/h:268\/q:100\/f:best\/https:\/\/s.frontbayip.com\/wp-content\/uploads\/2025\/10\/CE.webp\" class=\"attachment-medium size-medium wp-image-4808\" alt=\"\" srcset=\"https:\/\/mlksgtrt5x47.i.optimole.com\/w:300\/h:268\/q:100\/f:best\/https:\/\/s.frontbayip.com\/wp-content\/uploads\/2025\/10\/CE.webp 300w, https:\/\/mlksgtrt5x47.i.optimole.com\/w:61\/h:54\/q:100\/f:best\/https:\/\/s.frontbayip.com\/wp-content\/uploads\/2025\/10\/CE.webp 61w, https:\/\/mlksgtrt5x47.i.optimole.com\/w:480\/h:428\/q:100\/f:best\/https:\/\/s.frontbayip.com\/wp-content\/uploads\/2025\/10\/CE.webp 480w, https:\/\/mlksgtrt5x47.i.optimole.com\/w:480\/h:428\/q:100\/f:best\/dpr:2\/https:\/\/s.frontbayip.com\/wp-content\/uploads\/2025\/10\/CE.webp 2x\" sizes=\"(max-width: 300px) 100vw, 300px\" \/>\t\t\t\t\t\t\t\t\t\t\t\t\t\t\t<\/div>\n\t\t\t\t<div class=\"elementor-element elementor-element-fbaa42d elementor-widget elementor-widget-image\" data-id=\"fbaa42d\" data-element_type=\"widget\" data-widget_type=\"image.default\">\n\t\t\t\t\t\t\t\t\t\t\t\t\t\t\t<img data-opt-id=1273391201  loading=\"lazy\" decoding=\"async\" width=\"300\" height=\"268\" src=\"https:\/\/mlksgtrt5x47.i.optimole.com\/w:300\/h:268\/q:100\/f:best\/https:\/\/s.frontbayip.com\/wp-content\/uploads\/2025\/10\/fcc.webp\" class=\"attachment-medium size-medium wp-image-4809\" alt=\"\" srcset=\"https:\/\/mlksgtrt5x47.i.optimole.com\/w:300\/h:268\/q:100\/f:best\/https:\/\/s.frontbayip.com\/wp-content\/uploads\/2025\/10\/fcc.webp 300w, https:\/\/mlksgtrt5x47.i.optimole.com\/w:61\/h:54\/q:100\/f:best\/https:\/\/s.frontbayip.com\/wp-content\/uploads\/2025\/10\/fcc.webp 61w, https:\/\/mlksgtrt5x47.i.optimole.com\/w:480\/h:428\/q:100\/f:best\/https:\/\/s.frontbayip.com\/wp-content\/uploads\/2025\/10\/fcc.webp 480w, https:\/\/mlksgtrt5x47.i.optimole.com\/w:480\/h:428\/q:100\/f:best\/dpr:2\/https:\/\/s.frontbayip.com\/wp-content\/uploads\/2025\/10\/fcc.webp 2x\" sizes=\"(max-width: 300px) 100vw, 300px\" \/>\t\t\t\t\t\t\t\t\t\t\t\t\t\t\t<\/div>\n\t\t\t\t<div class=\"elementor-element elementor-element-7b717b9 elementor-widget elementor-widget-image\" data-id=\"7b717b9\" data-element_type=\"widget\" data-widget_type=\"image.default\">\n\t\t\t\t\t\t\t\t\t\t\t\t\t\t\t<img data-opt-id=1837212778  loading=\"lazy\" decoding=\"async\" width=\"300\" height=\"268\" src=\"https:\/\/mlksgtrt5x47.i.optimole.com\/w:300\/h:268\/q:100\/f:best\/https:\/\/s.frontbayip.com\/wp-content\/uploads\/2025\/10\/kc.webp\" class=\"attachment-medium size-medium wp-image-4810\" alt=\"\" srcset=\"https:\/\/mlksgtrt5x47.i.optimole.com\/w:300\/h:268\/q:100\/f:best\/https:\/\/s.frontbayip.com\/wp-content\/uploads\/2025\/10\/kc.webp 300w, https:\/\/mlksgtrt5x47.i.optimole.com\/w:61\/h:54\/q:100\/f:best\/https:\/\/s.frontbayip.com\/wp-content\/uploads\/2025\/10\/kc.webp 61w, https:\/\/mlksgtrt5x47.i.optimole.com\/w:480\/h:428\/q:100\/f:best\/https:\/\/s.frontbayip.com\/wp-content\/uploads\/2025\/10\/kc.webp 480w, https:\/\/mlksgtrt5x47.i.optimole.com\/w:480\/h:428\/q:100\/f:best\/dpr:2\/https:\/\/s.frontbayip.com\/wp-content\/uploads\/2025\/10\/kc.webp 2x\" sizes=\"(max-width: 300px) 100vw, 300px\" \/>\t\t\t\t\t\t\t\t\t\t\t\t\t\t\t<\/div>\n\t\t\t\t<div class=\"elementor-element elementor-element-294db2e elementor-widget elementor-widget-image\" data-id=\"294db2e\" data-element_type=\"widget\" data-widget_type=\"image.default\">\n\t\t\t\t\t\t\t\t\t\t\t\t\t\t\t<img data-opt-id=21219334  loading=\"lazy\" decoding=\"async\" width=\"300\" height=\"292\" src=\"https:\/\/mlksgtrt5x47.i.optimole.com\/w:300\/h:292\/q:100\/f:best\/https:\/\/s.frontbayip.com\/wp-content\/uploads\/2025\/10\/ul.webp\" class=\"attachment-medium size-medium wp-image-4811\" alt=\"\" srcset=\"https:\/\/mlksgtrt5x47.i.optimole.com\/w:300\/h:292\/q:100\/f:best\/https:\/\/s.frontbayip.com\/wp-content\/uploads\/2025\/10\/ul.webp 300w, https:\/\/mlksgtrt5x47.i.optimole.com\/w:55\/h:54\/q:100\/f:best\/https:\/\/s.frontbayip.com\/wp-content\/uploads\/2025\/10\/ul.webp 55w, https:\/\/mlksgtrt5x47.i.optimole.com\/w:462\/h:450\/q:100\/f:best\/https:\/\/s.frontbayip.com\/wp-content\/uploads\/2025\/10\/ul.webp 462w, https:\/\/mlksgtrt5x47.i.optimole.com\/w:462\/h:450\/q:100\/f:best\/dpr:2\/https:\/\/s.frontbayip.com\/wp-content\/uploads\/2025\/10\/ul.webp 2x\" sizes=\"(max-width: 300px) 100vw, 300px\" \/>\t\t\t\t\t\t\t\t\t\t\t\t\t\t\t<\/div>\n\t\t\t\t<\/div>\n\t\t\t\t<\/div>\n\t\t\t\t<\/div>","protected":false},"excerpt":{"rendered":"<p>Quality Assurance As a professional manufacturer specializing in thermoelectric technology, Sheerfond prioritizes product excellence and implements a rigorous quality management system throughout every stage\u2014from material selection and module design to final performance testing. Raw Material Inspection Every batch of raw materials and core components undergoes rigorous inspection to ensure full compliance with our quality standards.<\/p>\n<div class=\"klb-readmore post-buttons\"><a class=\"btn variant-primary\" href=\"https:\/\/s.frontbayip.com\/it\/quality-assurance\/\">Read More <i class=\"klbth-icon-right-arrow\"><\/i><\/a><\/div>","protected":false},"author":1,"featured_media":0,"parent":0,"menu_order":0,"comment_status":"closed","ping_status":"closed","template":"","meta":{"footnotes":""},"class_list":["post-4845","page","type-page","status-publish","hentry"],"_links":{"self":[{"href":"https:\/\/s.frontbayip.com\/it\/wp-json\/wp\/v2\/pages\/4845","targetHints":{"allow":["GET"]}}],"collection":[{"href":"https:\/\/s.frontbayip.com\/it\/wp-json\/wp\/v2\/pages"}],"about":[{"href":"https:\/\/s.frontbayip.com\/it\/wp-json\/wp\/v2\/types\/page"}],"author":[{"embeddable":true,"href":"https:\/\/s.frontbayip.com\/it\/wp-json\/wp\/v2\/users\/1"}],"replies":[{"embeddable":true,"href":"https:\/\/s.frontbayip.com\/it\/wp-json\/wp\/v2\/comments?post=4845"}],"version-history":[{"count":17,"href":"https:\/\/s.frontbayip.com\/it\/wp-json\/wp\/v2\/pages\/4845\/revisions"}],"predecessor-version":[{"id":4867,"href":"https:\/\/s.frontbayip.com\/it\/wp-json\/wp\/v2\/pages\/4845\/revisions\/4867"}],"wp:attachment":[{"href":"https:\/\/s.frontbayip.com\/it\/wp-json\/wp\/v2\/media?parent=4845"}],"curies":[{"name":"wp","href":"https:\/\/api.w.org\/{rel}","templated":true}]}}