{"id":4729,"date":"2025-10-16T10:08:40","date_gmt":"2025-10-16T08:08:40","guid":{"rendered":"https:\/\/s.frontbayip.com\/?post_type=product&#038;p=4729"},"modified":"2025-10-18T03:05:27","modified_gmt":"2025-10-17T19:05:27","slug":"dual-heating-and-cooling-electric-mattress-pad-multifunctional-heating-and-cooling-topper-for-household-use","status":"publish","type":"product","link":"https:\/\/s.frontbayip.com\/de\/produkt\/dual-heating-and-cooling-electric-mattress-pad-multifunctional-heating-and-cooling-topper-for-household-use\/","title":{"rendered":"Duale Heiz- und K\u00fchlmatratzenauflage"},"content":{"rendered":"<p>Als etablierter OEM-Partner sind wir auf die Herstellung hochwertiger, temperaturregulierter Schlafsysteme spezialisiert. Unsere erprobte Expertise umfasst die Lieferung hochleistungsf\u00e4higer K\u00fchl-\/Heizmatratzenl\u00f6sungen f\u00fcr branchenf\u00fchrende Smart-Sleep-Innovatoren. Wir bieten End-to-End-OEM\/ODM-Dienstleistungen an \u2013 von Pr\u00e4zisions-Thermoengineering und Dual-Zone-Steuerungssystemen bis hin zur App-Integration und skalierbaren Fertigung \u2013 und stellen so sicher, dass Ihre Marke marktreife Produkte erh\u00e4lt, mit dem Anspruch, den Endverbraucher von Branchenma\u00dfst\u00e4ben erwarten. Nutzen Sie unsere validierte Produktionserfahrung, um Ihr Markenangebot zu beschleunigen.<\/p>","protected":false},"excerpt":{"rendered":"<p>As an established OEM partner, we specialize in manufacturing premium temperature-regulated sleep systems. Our proven expertise includes delivering high-performance cooling\/heating mattress solutions for industry-leading smart sleep innovators. We offer end-to-end OEM\/ODM services \u2013 from precision thermal engineering and dual-zone control systems to app integration and scalable manufacturing \u2013 ensuring your brand receives market-ready products with<\/p>\n<div class=\"klb-readmore post-buttons\"><a class=\"btn variant-primary\" href=\"https:\/\/s.frontbayip.com\/de\/produkt\/dual-heating-and-cooling-electric-mattress-pad-multifunctional-heating-and-cooling-topper-for-household-use\/\">Read More <i class=\"klbth-icon-right-arrow\"><\/i><\/a><\/div>","protected":false},"featured_media":4731,"comment_status":"open","ping_status":"closed","template":"","meta":[],"product_brand":[],"product_cat":[163],"product_tag":[],"class_list":{"0":"post-4729","1":"product","2":"type-product","3":"status-publish","4":"has-post-thumbnail","6":"product_cat-sleep-cooling-system","8":"first","9":"instock","10":"shipping-taxable","11":"product-type-simple"},"_links":{"self":[{"href":"https:\/\/s.frontbayip.com\/de\/wp-json\/wp\/v2\/product\/4729","targetHints":{"allow":["GET"]}}],"collection":[{"href":"https:\/\/s.frontbayip.com\/de\/wp-json\/wp\/v2\/product"}],"about":[{"href":"https:\/\/s.frontbayip.com\/de\/wp-json\/wp\/v2\/types\/product"}],"replies":[{"embeddable":true,"href":"https:\/\/s.frontbayip.com\/de\/wp-json\/wp\/v2\/comments?post=4729"}],"wp:featuredmedia":[{"embeddable":true,"href":"https:\/\/s.frontbayip.com\/de\/wp-json\/wp\/v2\/media\/4731"}],"wp:attachment":[{"href":"https:\/\/s.frontbayip.com\/de\/wp-json\/wp\/v2\/media?parent=4729"}],"wp:term":[{"taxonomy":"product_brand","embeddable":true,"href":"https:\/\/s.frontbayip.com\/de\/wp-json\/wp\/v2\/product_brand?post=4729"},{"taxonomy":"product_cat","embeddable":true,"href":"https:\/\/s.frontbayip.com\/de\/wp-json\/wp\/v2\/product_cat?post=4729"},{"taxonomy":"product_tag","embeddable":true,"href":"https:\/\/s.frontbayip.com\/de\/wp-json\/wp\/v2\/product_tag?post=4729"}],"curies":[{"name":"wp","href":"https:\/\/api.w.org\/{rel}","templated":true}]}}